{"id":19930,"date":"2022-07-05T17:17:11","date_gmt":"2022-07-05T17:17:11","guid":{"rendered":"https:\/\/fbs-betreuung.de\/?page_id=19930"},"modified":"2024-05-16T08:53:25","modified_gmt":"2024-05-16T08:53:25","slug":"home","status":"publish","type":"page","link":"https:\/\/fbs-betreuung.de\/ar\/","title":{"rendered":"\u0627\u0644\u0631\u0626\u064a\u0633\u064a\u0629"},"content":{"rendered":"<header class=\"wp-block-uagb-container uagb-block-27adc791 alignfull uagb-is-root-container\"><\/header>\n\n\n\n<div class=\"wp-block-uagb-container uagb-block-5f46d8c3 alignfull uagb-is-root-container\"><div class=\"uagb-container-inner-blocks-wrap\">\n<div class=\"wp-block-uagb-container uagb-block-93f219f3\">\n<p>\u0647\u0644 \u062a\u0639\u0627\u0646\u064a \u0645\u0646 \u0635\u0639\u0648\u0628\u0629 \u0627\u0644\u062a\u0639\u0627\u0645\u0644 \u0645\u0639 \u0627\u0644\u062f\u0648\u0627\u0626\u0631 \u0627\u0644\u062d\u0643\u0648\u0645\u064a\u0629 \u0623\u0648 \u0645\u0646 \u0641\u0647\u0645 \u0627\u0644\u0639\u0642\u0648\u062f \u0648\u0627\u0644\u0625\u0633\u062a\u0645\u0627\u0631\u0627\u062a \u0648\u0627\u0644\u0623\u0648\u0631\u0627\u0642 \u0648 \u0645\u0644\u0623\u0647\u0627\u061f \u0647\u0644 \u0648\u0642\u0639\u062a \u0641\u064a \u0645\u0634\u0627\u0643\u0644 \u0642\u0627\u0646\u0648\u0646\u064a\u0629 \u0648\u062a\u062d\u062a\u0627\u062c \u0625\u0644\u0649 \u062a\u0648\u062c\u064a\u0647 \u0648\u0625\u0633\u062a\u0634\u0627\u0631\u0629 \u0642\u0627\u0646\u0648\u0646\u064a\u0629\u061f \u0646\u062f\u0631\u0643 \u0645\u062f\u0649 \u0635\u0639\u0648\u0628\u0629 \u0627\u0644\u0645\u062d\u062a\u0648\u0649 \u0627\u0644\u0642\u0627\u0646\u0648\u0646\u064a \u0648\u0623\u0647\u0645\u064a\u0629 \u062a\u0642\u062f\u064a\u0645 \u0627\u0644\u0645\u0633\u062a\u0646\u062f\u0627\u062a \u0636\u0645\u0646 \u0627\u0644\u0645\u062f\u0629 \u0627\u0644\u0645\u062d\u062f\u062f\u0629. \u0646\u062d\u0646 \u0646\u0639\u0644\u0645 \u0635\u0639\u0648\u0628\u0629 \u062d\u0635\u0648\u0644\u0643 \u0639\u0644\u0649 \u062e\u062f\u0645\u0627\u062a \u0634\u0628\u064a\u0647\u0629 ... \u0628\u0639\u062f \u062e\u0628\u0631\u0629 \u0637\u0648\u064a\u0644\u0629 \u0641\u064a \u0627\u0644\u0645\u062c\u0627\u0644 \u0627\u0644\u0642\u0627\u0646\u0648\u0646\u064a \u0648\u062a\u0631\u062c\u0645\u0629 \u0627\u0644\u0648\u062b\u0627\u0626\u0642 \u0648\u0627\u0644\u0645\u0633\u062a\u0646\u062f\u0627\u062a \u0648\u0627\u0644\u062a\u0639\u0627\u0645\u0644 \u0645\u0639 \u0627\u0644\u062f\u0648\u0627\u0626\u0631 \u0627\u0644\u062d\u0643\u0648\u0645\u064a\u0629 \u0648\u0627\u0644\u062e\u0627\u0635\u0629 \u0642\u0645\u0646\u0627 \u0628\u0641\u062a\u062d \u0645\u0643\u062a\u0628\u0646\u0627 \u0644\u062a\u0633\u0647\u064a\u0644 \u0623\u0645\u0648\u0631\u0643\u0645 \u0625\u0646 \u0634\u0627\u0621 \u0627\u0644\u0644\u0647<\/p>\n<\/div>\n\n\n\n<div class=\"wp-block-uagb-container uagb-block-a4288538\"><\/div>\n<\/div><\/div>","protected":false},"excerpt":{"rendered":"<p>Haben Sie Schwierigkeiten im Umgang mit Beh\u00f6rden oder beim Verstehen und Ausf\u00fcllen von Vertr\u00e4gen, Formularen und Papieren? Sind Sie in [&hellip;]<\/p>\n","protected":false},"author":1,"featured_media":0,"parent":0,"menu_order":0,"comment_status":"closed","ping_status":"closed","template":"","meta":{"_uag_custom_page_level_css":"","site-sidebar-layout":"default","site-content-layout":"","ast-site-content-layout":"default","site-content-style":"default","site-sidebar-style":"default","ast-global-header-display":"","ast-banner-title-visibility":"","ast-main-header-display":"","ast-hfb-above-header-display":"","ast-hfb-below-header-display":"","ast-hfb-mobile-header-display":"","site-post-title":"disabled","ast-breadcrumbs-content":"","ast-featured-img":"","footer-sml-layout":"","ast-disable-related-posts":"","theme-transparent-header-meta":"","adv-header-id-meta":"","stick-header-meta":"","header-above-stick-meta":"","header-main-stick-meta":"","header-below-stick-meta":"","astra-migrate-meta-layouts":"default","ast-page-background-enabled":"default","ast-page-background-meta":{"desktop":{"background-color":"var(--ast-global-color-4)","background-image":"","background-repeat":"repeat","background-position":"center center","background-size":"auto","background-attachment":"scroll","background-type":"","background-media":"","overlay-type":"","overlay-color":"","overlay-opacity":"","overlay-gradient":""},"tablet":{"background-color":"","background-image":"","background-repeat":"repeat","background-position":"center center","background-size":"auto","background-attachment":"scroll","background-type":"","background-media":"","overlay-type":"","overlay-color":"","overlay-opacity":"","overlay-gradient":""},"mobile":{"background-color":"","background-image":"","background-repeat":"repeat","background-position":"center center","background-size":"auto","background-attachment":"scroll","background-type":"","background-media":"","overlay-type":"","overlay-color":"","overlay-opacity":"","overlay-gradient":""}},"ast-content-background-meta":{"desktop":{"background-color":"var(--ast-global-color-5)","background-image":"","background-repeat":"repeat","background-position":"center center","background-size":"auto","background-attachment":"scroll","background-type":"","background-media":"","overlay-type":"","overlay-color":"","overlay-opacity":"","overlay-gradient":""},"tablet":{"background-color":"var(--ast-global-color-5)","background-image":"","background-repeat":"repeat","background-position":"center center","background-size":"auto","background-attachment":"scroll","background-type":"","background-media":"","overlay-type":"","overlay-color":"","overlay-opacity":"","overlay-gradient":""},"mobile":{"background-color":"var(--ast-global-color-5)","background-image":"","background-repeat":"repeat","background-position":"center center","background-size":"auto","background-attachment":"scroll","background-type":"","background-media":"","overlay-type":"","overlay-color":"","overlay-opacity":"","overlay-gradient":""}},"footnotes":""},"class_list":["post-19930","page","type-page","status-publish","hentry"],"uagb_featured_image_src":{"full":false,"thumbnail":false,"medium":false,"medium_large":false,"large":false,"1536x1536":false,"2048x2048":false,"trp-custom-language-flag":false},"uagb_author_info":{"display_name":"lama.altabbaa","author_link":"https:\/\/fbs-betreuung.de\/ar\/author\/lama-altabbaa\/"},"uagb_comment_info":0,"uagb_excerpt":"Haben Sie Schwierigkeiten im Umgang mit Beh\u00f6rden oder beim Verstehen und Ausf\u00fcllen von Vertr\u00e4gen, Formularen und Papieren? Sind Sie in [&hellip;]","_links":{"self":[{"href":"https:\/\/fbs-betreuung.de\/ar\/wp-json\/wp\/v2\/pages\/19930","targetHints":{"allow":["GET"]}}],"collection":[{"href":"https:\/\/fbs-betreuung.de\/ar\/wp-json\/wp\/v2\/pages"}],"about":[{"href":"https:\/\/fbs-betreuung.de\/ar\/wp-json\/wp\/v2\/types\/page"}],"author":[{"embeddable":true,"href":"https:\/\/fbs-betreuung.de\/ar\/wp-json\/wp\/v2\/users\/1"}],"replies":[{"embeddable":true,"href":"https:\/\/fbs-betreuung.de\/ar\/wp-json\/wp\/v2\/comments?post=19930"}],"version-history":[{"count":0,"href":"https:\/\/fbs-betreuung.de\/ar\/wp-json\/wp\/v2\/pages\/19930\/revisions"}],"wp:attachment":[{"href":"https:\/\/fbs-betreuung.de\/ar\/wp-json\/wp\/v2\/media?parent=19930"}],"curies":[{"name":"wp","href":"https:\/\/api.w.org\/{rel}","templated":true}]}}