{"id":20007,"date":"2022-07-06T11:01:12","date_gmt":"2022-07-06T11:01:12","guid":{"rendered":"https:\/\/fbs-betreuung.de\/?page_id=20007"},"modified":"2024-05-06T11:45:56","modified_gmt":"2024-05-06T11:45:56","slug":"impressum","status":"publish","type":"page","link":"https:\/\/fbs-betreuung.de\/ar\/impressum\/","title":{"rendered":"\u0627\u0644\u0628\u064a\u0627\u0646\u0627\u062a \u0627\u0644\u0642\u0627\u0646\u0648\u0646\u064a\u0629"},"content":{"rendered":"<h1 class=\"wp-block-heading\"><strong>\u0627\u0644\u0628\u064a\u0627\u0646\u0627\u062a \u0627\u0644\u0642\u0627\u0646\u0648\u0646\u064a\u0629<\/strong><\/h1>\n\n\n\n<p><strong>Inhaber:<\/strong><\/p>\n\n\n\n<p>Louis Fattouh<\/p>\n\n\n\n<p>FBS \u0645\u0643\u062a\u0628 \u0627\u0644\u0631\u0639\u0627\u064a\u0629, \u0648\u0627\u0644\u0625\u0633\u062a\u0634\u0627\u0631\u0629 \u0648\u0627\u0644\u062a\u0631\u062c\u0645\u0629 \u0627\u0644\u0642\u0627\u0646\u0648\u0646\u064a\u0629<\/p>\n\n\n\n<p>Kurt-Schuhmacher-Str.18<\/p>\n\n\n\n<p>34117 Kassel<\/p>\n\n\n\n<p>Internet: www.<a href=\"tel:info@fbs-betreuung.de\">fbs-betreuung.de<\/a><\/p>\n\n\n\n<p>E-Mail: <a href=\"mailto:info@fbs-betreuung.de\">info@fbs-betreuung.de<\/a><\/p>\n\n\n\n<p>Telefon: 0561-50348525<\/p>\n\n\n\n<p>Telefax: 0561-50348765<\/p>\n\n\n\n<p>Handy: 0176\/42088770<\/p>\n\n\n\n<p><strong>Haftung f\u00fcr die Inhalte dieser Website<\/strong><\/p>\n\n\n\n<p>Wir entwickeln den Inhalt dieser Website st\u00e4ndig weiter und bem\u00fchen uns, genaue und aktuelle Informationen bereitzustellen. Leider k\u00f6nnen wir keine Haftung f\u00fcr die Richtigkeit aller Inhalte auf dieser Website \u00fcbernehmen, insbesondere nicht f\u00fcr die Inhalte, die von Dritten bereitgestellt werden. Solltest du Ungenauigkeiten oder anst\u00f6\u00dfige Inhalte bemerken, kontaktiere uns bitte umgehend.<\/p>\n\n\n\n<p><strong>\u062d\u0645\u0627\u064a\u0629 \u0627\u0644\u0628\u064a\u0627\u0646\u0627\u062a<\/strong><\/p>\n\n\n\n<p>Sofern innerhalb des Internetangebotes die M\u00f6glichkeit zur Eingabe pers\u00f6nlicher oder gesch\u00e4ftlicher Daten (Emailadressen, Namen, Anschriften) besteht, so erfolgt die Preisgabe dieser Daten seitens des Nutzers auf ausdr\u00fccklich freiwilliger Basis. Weitere Informationen findest du in unserer Datenschutzerkl\u00e4rung.<\/p>\n\n\n\n<p><strong>Inhalte des Online-Angebots<\/strong><\/p>\n\n\n\n<p>Die Inhalte dieser Website werden mit gr\u00f6\u00dftm\u00f6glicher Sorgfalt erstellt. Der Autor \u00fcbernimmt jedoch keine Gew\u00e4hr f\u00fcr die Aktualit\u00e4t, Korrektheit, Vollst\u00e4ndigkeit oder Qualit\u00e4t der bereitgestellten Informationen. Haftungsanspr\u00fcche gegen den Autor, welche sich auf Sch\u00e4den materieller oder ideeller Art beziehen, die durch die Nutzung oder Nichtnutzung der dargebotenen Informationen bzw. durch die Nutzung fehlerhafter und unvollst\u00e4ndiger Informationen verursacht wurden, sind grunds\u00e4tzlich ausgeschlossen, sofern seitens des Autors kein nachweislich vors\u00e4tzliches oder grob fahrl\u00e4ssiges Verschulden vorliegt. Der Autor beh\u00e4lt es sich ausdr\u00fccklich vor, Teile der Seiten oder das gesamte Angebot ohne gesonderte Ank\u00fcndigung zu ver\u00e4ndern, zu erg\u00e4nzen, zu l\u00f6schen oder die Ver\u00f6ffentlichung zeitweise oder endg\u00fcltig einzustellen.<\/p>\n\n\n\n<p><strong>Verweise und Links<\/strong><\/p>\n\n\n\n<p>Bei direkten oder indirekten Verweisen auf fremde Internetseiten (&#8222;Links&#8220;), die au\u00dferhalb des Verantwortungsbereiches des Autors liegen, w\u00fcrde eine Haftungsverpflichtung ausschlie\u00dflich in dem Fall in Kraft treten, in dem der Autor von den Inhalten Kenntnis hat und es ihm technisch m\u00f6glich und zumutbar w\u00e4re, die Nutzung im Falle rechtswidriger Inhalte zu verhindern. Der Autor erkl\u00e4rt hiermit ausdr\u00fccklich, dass zum Zeitpunkt der Linksetzung keine illegalen Inhalte auf den zu verlinkenden Seiten erkennbar waren. Auf die aktuelle und zuk\u00fcnftige Gestaltung, die Inhalte oder die Urheberschaft der gelinkten\/verkn\u00fcpften Seiten hat der Autor keinerlei Einfluss. Deshalb distanziert sich der Autor hiermit ausdr\u00fccklich von allen Inhalten aller gelinkten \/verkn\u00fcpften Seiten, die nach der Linksetzung ver\u00e4ndert wurden. Diese Feststellung gilt f\u00fcr alle innerhalb des eigenen Internetangebotes gesetzten Links und Verweise sowie f\u00fcr Fremdeintr\u00e4ge in vom Autor eingerichteten Diskussionsforen und Mailinglisten. F\u00fcr illegale, fehlerhafte oder unvollst\u00e4ndige Inhalte und insbesondere f\u00fcr Sch\u00e4den, die aus der Nutzung oder Nichtnutzung solcherart dargebotener Informationen entstehen, haftet allein der Anbieter der Seite, auf welche verwiesen wurde, nicht derjenige, der \u00fcber Links auf die jeweilige Ver\u00f6ffentlichung lediglich verweist.<\/p>\n\n\n\n<p><strong>Haftung f\u00fcr Links auf dieser Website<\/strong><\/p>\n\n\n\n<p>Unsere Website enth\u00e4lt Links zu anderen Websites, f\u00fcr deren Inhalt wir nicht verantwortlich sind. Wenn du beanstandete Links auf unserer Website bemerkst, kontaktiere uns bitte umgehend.<\/p>\n\n\n\n<p><strong>Einspruch gegen Marketing-E-Mails<\/strong><\/p>\n\n\n\n<p>Im Rahmen unserer gesetzlichen Verpflichtungen m\u00fcssen wir einige unserer Kontaktdaten ver\u00f6ffentlichen. Diese werden manchmal von Dritten genutzt, um unaufgefordert Werbung und Informationen zu versenden. Wir widersprechen hiermit jeder Zusendung von Werbematerial jeglicher Art, die nicht ausdr\u00fccklich von uns genehmigt wurde. Dar\u00fcber hinaus behalten wir uns ausdr\u00fccklich rechtliche Schritte im Falle der unerw\u00fcnschten und unaufgeforderten Zusendung von Werbematerial vor. Dies gilt insbesondere f\u00fcr sogenannte Spam-E-Mails und Spam-Briefe. Wir weisen darauf hin, dass die unerlaubte \u00dcbermittlung von Werbematerial sowohl wettbewerbsrechtliche, zivilrechtliche als auch strafrechtliche Tatbest\u00e4nde ber\u00fchren kann. Vor allem Spam-E-Mails k\u00f6nnen zu hohen Schadensersatzforderungen f\u00fchren, wenn sie den Gesch\u00e4ftsbetrieb durch \u00fcberf\u00fcllte Postf\u00e4cher st\u00f6ren.<\/p>\n\n\n\n<p><strong>Urheberrecht<\/strong><\/p>\n\n\n\n<p>F\u00fcr das Website-Design, den Text, alle Grafiken und Fotos, jede Auswahl oder jedes Layout davon: Copyright \u00a9 2022 FBS Betreuungsservice. Das Kopieren oder die Reproduktion der gesamten Website oder von Teilen dieser Website sind nicht gestattet. Jede andere Verwendung der auf dieser Website verf\u00fcgbaren Materialien bzw. Informationen &#8211; inklusive der Reproduktion, des Weitervertriebs, der Ver\u00e4nderung und der Ver\u00f6ffentlichung zu einem beliebigen Zweck &#8211; ist untersagt, es sei denn, FBS Betreuungsservice hat dem vorher schriftlich zugestimmt.<\/p>","protected":false},"excerpt":{"rendered":"","protected":false},"author":1,"featured_media":0,"parent":0,"menu_order":0,"comment_status":"closed","ping_status":"closed","template":"","meta":{"_uag_custom_page_level_css":"","site-sidebar-layout":"default","site-content-layout":"","ast-site-content-layout":"default","site-content-style":"default","site-sidebar-style":"default","ast-global-header-display":"","ast-banner-title-visibility":"","ast-main-header-display":"","ast-hfb-above-header-display":"","ast-hfb-below-header-display":"","ast-hfb-mobile-header-display":"","site-post-title":"disabled","ast-breadcrumbs-content":"","ast-featured-img":"","footer-sml-layout":"","ast-disable-related-posts":"","theme-transparent-header-meta":"","adv-header-id-meta":"","stick-header-meta":"","header-above-stick-meta":"","header-main-stick-meta":"","header-below-stick-meta":"","astra-migrate-meta-layouts":"default","ast-page-background-enabled":"default","ast-page-background-meta":{"desktop":{"background-color":"var(--ast-global-color-4)","background-image":"","background-repeat":"repeat","background-position":"center center","background-size":"auto","background-attachment":"scroll","background-type":"","background-media":"","overlay-type":"","overlay-color":"","overlay-opacity":"","overlay-gradient":""},"tablet":{"background-color":"","background-image":"","background-repeat":"repeat","background-position":"center center","background-size":"auto","background-attachment":"scroll","background-type":"","background-media":"","overlay-type":"","overlay-color":"","overlay-opacity":"","overlay-gradient":""},"mobile":{"background-color":"","background-image":"","background-repeat":"repeat","background-position":"center center","background-size":"auto","background-attachment":"scroll","background-type":"","background-media":"","overlay-type":"","overlay-color":"","overlay-opacity":"","overlay-gradient":""}},"ast-content-background-meta":{"desktop":{"background-color":"var(--ast-global-color-5)","background-image":"","background-repeat":"repeat","background-position":"center center","background-size":"auto","background-attachment":"scroll","background-type":"","background-media":"","overlay-type":"","overlay-color":"","overlay-opacity":"","overlay-gradient":""},"tablet":{"background-color":"var(--ast-global-color-5)","background-image":"","background-repeat":"repeat","background-position":"center center","background-size":"auto","background-attachment":"scroll","background-type":"","background-media":"","overlay-type":"","overlay-color":"","overlay-opacity":"","overlay-gradient":""},"mobile":{"background-color":"var(--ast-global-color-5)","background-image":"","background-repeat":"repeat","background-position":"center center","background-size":"auto","background-attachment":"scroll","background-type":"","background-media":"","overlay-type":"","overlay-color":"","overlay-opacity":"","overlay-gradient":""}},"footnotes":""},"class_list":["post-20007","page","type-page","status-publish","hentry"],"uagb_featured_image_src":{"full":false,"thumbnail":false,"medium":false,"medium_large":false,"large":false,"1536x1536":false,"2048x2048":false,"trp-custom-language-flag":false},"uagb_author_info":{"display_name":"lama.altabbaa","author_link":"https:\/\/fbs-betreuung.de\/ar\/author\/lama-altabbaa\/"},"uagb_comment_info":0,"uagb_excerpt":null,"_links":{"self":[{"href":"https:\/\/fbs-betreuung.de\/ar\/wp-json\/wp\/v2\/pages\/20007","targetHints":{"allow":["GET"]}}],"collection":[{"href":"https:\/\/fbs-betreuung.de\/ar\/wp-json\/wp\/v2\/pages"}],"about":[{"href":"https:\/\/fbs-betreuung.de\/ar\/wp-json\/wp\/v2\/types\/page"}],"author":[{"embeddable":true,"href":"https:\/\/fbs-betreuung.de\/ar\/wp-json\/wp\/v2\/users\/1"}],"replies":[{"embeddable":true,"href":"https:\/\/fbs-betreuung.de\/ar\/wp-json\/wp\/v2\/comments?post=20007"}],"version-history":[{"count":0,"href":"https:\/\/fbs-betreuung.de\/ar\/wp-json\/wp\/v2\/pages\/20007\/revisions"}],"wp:attachment":[{"href":"https:\/\/fbs-betreuung.de\/ar\/wp-json\/wp\/v2\/media?parent=20007"}],"curies":[{"name":"wp","href":"https:\/\/api.w.org\/{rel}","templated":true}]}}